{"id":2709,"date":"2023-02-11T12:03:28","date_gmt":"2023-02-11T11:03:28","guid":{"rendered":"http:\/\/veterinaires.lu\/?page_id=2709"},"modified":"2024-05-07T10:00:07","modified_gmt":"2024-05-07T09:00:07","slug":"notre-equipe","status":"publish","type":"page","link":"http:\/\/veterinaires.lu\/index.php\/notre-equipe\/","title":{"rendered":"Notre \u00e9quipe"},"content":{"rendered":"<div class=\"et_pb_section et_section_regular\">\n\t\t\t\n\t\t\t\n\t\t\t\t\n\t\t\t\t<div class=\"et_pb_row\">\n\t\t\t<div class=\"et_pb_column et_pb_column_4_4\">\n\t\t\t<div class=\"et_pb_toggle et_pb_toggle_close\">\n\t\t\t<h5 class=\"et_pb_toggle_title\">V\u00e9t\u00e9riniares<\/h5>\n\t\t\t<div class=\"et_pb_toggle_content clearfix\">\n\t\t\t\t\n\t\t\t<\/div> <!-- .et_pb_toggle_content -->\n\t\t<\/div> <!-- .et_pb_toggle --><div class=\"et_pb_team_member et_pb_bg_layout_light clearfix\">\n\t\t\t<div class=\"et_pb_team_member_image et-waypoint et_pb_animation_off\">\n\t\t\t\t<img decoding=\"async\" src=\"http:\/\/veterinaires.lu\/wp-content\/uploads\/2015\/03\/steeve_team_2017.jpg\" alt=\"Dr. Carr\u00e9 Steeve\" \/>\n\t\t\t<\/div>\n\t\t\t<div class=\"et_pb_team_member_description\">\n\t\t\t\t<h4>Dr. Carr\u00e9 Steeve<\/h4>\n\t\t\t\t<p class=\"et_pb_member_position\">Docteur en m\u00e9decine v\u00e9t\u00e9rinaires<\/p>\n\t\t\t\tLangues parl\u00e9e: FR &#8211; UK<br \/>\nMail: info@veterinaires.lu\n\t\t\t\t\n\t\t\t<\/div> <!-- .et_pb_team_member_description -->\n\t\t<\/div> <!-- .et_pb_team_member --><div class=\"et_pb_team_member et_pb_bg_layout_light clearfix\">\n\t\t\t<div class=\"et_pb_team_member_image et-waypoint et_pb_animation_off\">\n\t\t\t\t<img decoding=\"async\" src=\"http:\/\/veterinaires.lu\/wp-content\/uploads\/2023\/10\/Raphael-Hagen-site.jpg\" alt=\"Dr. Hagen Raphael\" \/>\n\t\t\t<\/div>\n\t\t\t<div class=\"et_pb_team_member_description\">\n\t\t\t\t<h4>Dr. Hagen Raphael<\/h4>\n\t\t\t\t<p class=\"et_pb_member_position\">Medecin v\u00e9t\u00e9rinaire sp\u00e9cialis\u00e9 en m\u00e9decine NAC(Lapins, Rongeurs, Reptiles, Oiseaux, Poissons)<\/p>\n\t\t\t\tLangues parl\u00e9e: LUX &#8211; FR &#8211; GER &#8211; UK &#8211; ESP<br \/>\nMail: nac@veterinaires.lu\n\t\t\t\t\n\t\t\t<\/div> <!-- .et_pb_team_member_description -->\n\t\t<\/div> <!-- .et_pb_team_member --><div class=\"et_pb_team_member et_pb_bg_layout_light clearfix\">\n\t\t\t<div class=\"et_pb_team_member_image et-waypoint et_pb_animation_off\">\n\t\t\t\t<img decoding=\"async\" src=\"http:\/\/veterinaires.lu\/wp-content\/uploads\/2024\/04\/20240422_140614-min-scaled.jpg\" alt=\"Dr. Maryam Hamzeh\" \/>\n\t\t\t<\/div>\n\t\t\t<div class=\"et_pb_team_member_description\">\n\t\t\t\t<h4>Dr. Maryam Hamzeh<\/h4>\n\t\t\t\t<p class=\"et_pb_member_position\">M\u00e9decin v\u00e9t\u00e9rinaires<\/p>\n\t\t\t\tLangues parl\u00e9e: FR &#8211; IT &#8211; EN &#8211; PR<br \/>\nMail: info@veterinaires.lu\n\t\t\t\t\n\t\t\t<\/div> <!-- .et_pb_team_member_description -->\n\t\t<\/div> <!-- .et_pb_team_member --><div class=\"et_pb_toggle et_pb_toggle_close\">\n\t\t\t<h5 class=\"et_pb_toggle_title\">V\u00e9t\u00e9riniares<\/h5>\n\t\t\t<div class=\"et_pb_toggle_content clearfix\">\n\t\t\t\t\n\t\t\t<\/div> <!-- .et_pb_toggle_content -->\n\t\t<\/div> <!-- .et_pb_toggle -->\n\t\t<\/div> <!-- .et_pb_column -->\n\t\t<\/div> <!-- .et_pb_row --><div class=\"et_pb_row\">\n\t\t\t<div class=\"et_pb_column et_pb_column_4_4\">\n\t\t\t<div class=\"et_pb_toggle et_pb_toggle_close\">\n\t\t\t<h5 class=\"et_pb_toggle_title\">Assistants v\u00e9t\u00e9rinaires<\/h5>\n\t\t\t<div class=\"et_pb_toggle_content clearfix\">\n\t\t\t\t\n\t\t\t<\/div> <!-- .et_pb_toggle_content -->\n\t\t<\/div> <!-- .et_pb_toggle --><div class=\"et_pb_team_member et_pb_bg_layout_light clearfix\">\n\t\t\t<div class=\"et_pb_team_member_image et-waypoint et_pb_animation_off\">\n\t\t\t\t<img decoding=\"async\" src=\"http:\/\/veterinaires.lu\/wp-content\/uploads\/2015\/03\/corinne_team_2017.jpg\" alt=\"Corinne Bormes\" \/>\n\t\t\t<\/div>\n\t\t\t<div class=\"et_pb_team_member_description\">\n\t\t\t\t<h4>Corinne Bormes<\/h4>\n\t\t\t\t<p class=\"et_pb_member_position\">Infirmi\u00e8re v\u00e9t\u00e9rinaire<\/p>\n\t\t\t\tLangues parl\u00e9e: LUX &#8211; FR &#8211; GER &#8211; UK<br \/>\nMail: corinne@veterinaires.lu \/ info@veterinaires.lu\n\t\t\t\t\n\t\t\t<\/div> <!-- .et_pb_team_member_description -->\n\t\t<\/div> <!-- .et_pb_team_member --><div class=\"et_pb_team_member et_pb_bg_layout_light clearfix\">\n\t\t\t<div class=\"et_pb_team_member_image et-waypoint et_pb_animation_off\">\n\t\t\t\t<img decoding=\"async\" src=\"http:\/\/veterinaires.lu\/wp-content\/uploads\/2023\/02\/Luka.jpg\" alt=\"Luka Sondag\" \/>\n\t\t\t<\/div>\n\t\t\t<div class=\"et_pb_team_member_description\">\n\t\t\t\t<h4>Luka Sondag<\/h4>\n\t\t\t\t<p class=\"et_pb_member_position\">Assistant v\u00e9t\u00e9rinaire<\/p>\n\t\t\t\tLangues parl\u00e9es: LUX &#8211; GER &#8211; FR &#8211; UK<br \/>\nMail: info@veterinaires.lu\n\t\t\t\t\n\t\t\t<\/div> <!-- .et_pb_team_member_description -->\n\t\t<\/div> <!-- .et_pb_team_member --><div class=\"et_pb_team_member et_pb_bg_layout_light clearfix\">\n\t\t\t<div class=\"et_pb_team_member_image et-waypoint et_pb_animation_off\">\n\t\t\t\t<img decoding=\"async\" src=\"http:\/\/veterinaires.lu\/wp-content\/uploads\/2024\/05\/IMG-20240426-WA0013.jpg\" alt=\"Sarah Silva\" \/>\n\t\t\t<\/div>\n\t\t\t<div class=\"et_pb_team_member_description\">\n\t\t\t\t<h4>Sarah Silva<\/h4>\n\t\t\t\t<p class=\"et_pb_member_position\">Assistante v\u00e9t\u00e9rinaire<\/p>\n\t\t\t\tLangues parl\u00e9es: LUX &#8211; FR &#8211; GER &#8211; UK<br \/>\nMail: info@veterinaires.lu\n\t\t\t\t\n\t\t\t<\/div> <!-- .et_pb_team_member_description -->\n\t\t<\/div> <!-- .et_pb_team_member -->\n\t\t<\/div> <!-- .et_pb_column -->\n\t\t<\/div> <!-- .et_pb_row -->\n\t\t\t\n\t\t<\/div> <!-- .et_pb_section -->\n","protected":false},"excerpt":{"rendered":"","protected":false},"author":1,"featured_media":0,"parent":0,"menu_order":6,"comment_status":"closed","ping_status":"closed","template":"","meta":{"jetpack_post_was_ever_published":false,"footnotes":""},"class_list":["post-2709","page","type-page","status-publish","hentry"],"jetpack_sharing_enabled":true,"jetpack_shortlink":"https:\/\/wp.me\/P6eAGo-HH","_links":{"self":[{"href":"http:\/\/veterinaires.lu\/index.php\/wp-json\/wp\/v2\/pages\/2709","targetHints":{"allow":["GET"]}}],"collection":[{"href":"http:\/\/veterinaires.lu\/index.php\/wp-json\/wp\/v2\/pages"}],"about":[{"href":"http:\/\/veterinaires.lu\/index.php\/wp-json\/wp\/v2\/types\/page"}],"author":[{"embeddable":true,"href":"http:\/\/veterinaires.lu\/index.php\/wp-json\/wp\/v2\/users\/1"}],"replies":[{"embeddable":true,"href":"http:\/\/veterinaires.lu\/index.php\/wp-json\/wp\/v2\/comments?post=2709"}],"version-history":[{"count":14,"href":"http:\/\/veterinaires.lu\/index.php\/wp-json\/wp\/v2\/pages\/2709\/revisions"}],"predecessor-version":[{"id":2756,"href":"http:\/\/veterinaires.lu\/index.php\/wp-json\/wp\/v2\/pages\/2709\/revisions\/2756"}],"wp:attachment":[{"href":"http:\/\/veterinaires.lu\/index.php\/wp-json\/wp\/v2\/media?parent=2709"}],"curies":[{"name":"wp","href":"https:\/\/api.w.org\/{rel}","templated":true}]}}