{"id":209,"date":"2015-03-18T17:10:32","date_gmt":"2015-03-18T17:10:32","guid":{"rendered":"http:\/\/www.balbeur.website\/?page_id=209"},"modified":"2016-02-20T18:09:42","modified_gmt":"2016-02-20T17:09:42","slug":"cas-cliniques","status":"publish","type":"page","link":"http:\/\/veterinaires.lu\/index.php\/nosservices\/cas-cliniques\/","title":{"rendered":"Cas Cliniques"},"content":{"rendered":"<p><div class=\"et_pb_section et_pb_fullwidth_section et_section_regular\" style='background-color:#ffffff;'>\n\t\t\t\n\t\t\t\n\t\t\t\t\n\t\t\t\t<div class=\"et_pb_slider\">\n\t\t\t<div class=\"et_pb_slides\">\n\t\t\t\t<div class=\"et_pb_slide et_pb_bg_layout_light et_pb_media_alignment_center\" style='background-color:#f7f7f7;background-image:url(http:\/\/veterinaires.lu\/wp-content\/uploads\/2015\/09\/cabinet_cclinique1.jpg);'>\n\t\t\t\n\t\t\t<div class=\"et_pb_container clearfix\">\n\t\t\t\t\n\t\t\t\t<div class=\"et_pb_slide_description\">\n\t\t\t\t\t\n\t\t\t\t\t<div class=\"et_pb_slide_content\"><\/div>\n\t\t\t\t\t\n\t\t\t\t<\/div> <!-- .et_pb_slide_description -->\n\t\t\t<\/div> <!-- .et_pb_container -->\n\t\t\t\n\t\t<\/div> <!-- .et_pb_slide -->\n\t\t\n\t\t\t<\/div> <!-- .et_pb_slides -->\n\t\t<\/div> <!-- .et_pb_slider -->\n\t\t\n\t\t\t\n\t\t<\/div> <!-- .et_pb_section --><div class=\"et_pb_section et_section_regular\">\n\t\t\t\n\t\t\t\n\t\t\t\t\n\t\t\t\t<div class=\"et_pb_row\">\n\t\t\t<div class=\"et_pb_column et_pb_column_1_4\">\n\t\t\t<img decoding=\"async\" src=\"http:\/\/veterinaires.lu\/wp-content\/uploads\/2015\/09\/medecide1.png\" alt=\"\" class=\"et-waypoint et_pb_image et_pb_animation_left\" \/>\n\t\t<\/div> <!-- .et_pb_column --><div class=\"et_pb_column et_pb_column_3_4\">\n\t\t\t<div class=\"et_pb_text et_pb_bg_layout_light et_pb_text_align_left\">\n\t\t\t\n<h1><span style=\"color: #336699;\">Quelques cas cliniques<\/span><\/h1>\n<p>L&rsquo;ensemble du personnel du Cabinet V\u00e9t\u00e9rinaire s&rsquo;engage avec le plus grand s\u00e9rieux pour l&rsquo;accueil et le traitement n\u00e9cessaire \u00e0 votre animal.<\/p>\n<p>Ci-apr\u00e8s, nous vous partageons quelques exemples de cas cliniques.<\/p>\n<p>&nbsp;<\/p>\n\n\t\t<\/div> <!-- .et_pb_text --><div class=\"et_pb_gallery et_pb_gallery_grid et_pb_bg_layout_light clearfix\">\n\t\t\t<div class=\"column_width\"><\/div><div class=\"gutter_width\"><\/div>\n\t\t\t<div class=\"et_pb_gallery_items et_post_gallery\" data-per_page=\"3\"><div class=\"et_pb_gallery_item et_pb_bg_layout_light\">\n\t\t\t<div class='et_pb_gallery_image landscape'>\n\t\t\t\t<a href=\"http:\/\/veterinaires.lu\/wp-content\/uploads\/2015\/03\/530_consultation-26-recardrer-chien1.jpg\" title=\"Chien\">\n\t\t\t\t<img decoding=\"async\" src=\"http:\/\/veterinaires.lu\/wp-content\/uploads\/2015\/03\/530_consultation-26-recardrer-chien1-400x284.jpg\" alt=\"Chien\" \/><span class=\"et_overlay\"><\/span>\n\t\t\t<\/a>\n\t\t\t<\/div>\n\t\t\t\t\t<h3 class='et_pb_gallery_title'>\n\t\t\t\t\tChien\n\t\t\t\t\t<\/h3>\n\t\t\t\t\t<p class='et_pb_gallery_caption'>\n\t\t\t\t\tCas de chien \u00e0 recadrer\n\t\t\t\t\t<\/p><\/div><div class=\"et_pb_gallery_item et_pb_bg_layout_light\">\n\t\t\t<div class='et_pb_gallery_image landscape'>\n\t\t\t\t<a href=\"http:\/\/veterinaires.lu\/wp-content\/uploads\/2015\/03\/530_consultation-37-noir-blanc-chat-tension-arterielle-recardrer1.jpg\" title=\"Chat\">\n\t\t\t\t<img decoding=\"async\" src=\"http:\/\/veterinaires.lu\/wp-content\/uploads\/2015\/03\/530_consultation-37-noir-blanc-chat-tension-arterielle-recardrer1-400x284.jpg\" alt=\"Chat\" \/><span class=\"et_overlay\"><\/span>\n\t\t\t<\/a>\n\t\t\t<\/div>\n\t\t\t\t\t<h3 class='et_pb_gallery_title'>\n\t\t\t\t\tChat\n\t\t\t\t\t<\/h3>\n\t\t\t\t\t<p class='et_pb_gallery_caption'>\n\t\t\t\t\tConsultation &#038; prise de tension art\u00e9rielle chez le chat\n\t\t\t\t\t<\/p><\/div><div class=\"et_pb_gallery_item et_pb_bg_layout_light\">\n\t\t\t<div class='et_pb_gallery_image landscape'>\n\t\t\t\t<a href=\"http:\/\/veterinaires.lu\/wp-content\/uploads\/2015\/03\/530_fus-chat-21.jpg\" title=\"Chat\">\n\t\t\t\t<img decoding=\"async\" src=\"http:\/\/veterinaires.lu\/wp-content\/uploads\/2015\/03\/530_fus-chat-21-400x284.jpg\" alt=\"Chat\" \/><span class=\"et_overlay\"><\/span>\n\t\t\t<\/a>\n\t\t\t<\/div>\n\t\t\t\t\t<h3 class='et_pb_gallery_title'>\n\t\t\t\t\tChat\n\t\t\t\t\t<\/h3>\n\t\t\t\t\t<p class='et_pb_gallery_caption'>\n\t\t\t\t\tUrologie- Urolithiase* &#8211; calculs urinaire ur\u00e9tral \n\t\t\t\t\t<\/p><\/div><div class=\"et_pb_gallery_item et_pb_bg_layout_light\">\n\t\t\t<div class='et_pb_gallery_image landscape'>\n\t\t\t\t<a href=\"http:\/\/veterinaires.lu\/wp-content\/uploads\/2015\/03\/530_ophtalmo-ulcere-31.jpg\" title=\"Chien\">\n\t\t\t\t<img decoding=\"async\" src=\"http:\/\/veterinaires.lu\/wp-content\/uploads\/2015\/03\/530_ophtalmo-ulcere-31-400x284.jpg\" alt=\"Chien\" \/><span class=\"et_overlay\"><\/span>\n\t\t\t<\/a>\n\t\t\t<\/div>\n\t\t\t\t\t<h3 class='et_pb_gallery_title'>\n\t\t\t\t\tChien\n\t\t\t\t\t<\/h3>\n\t\t\t\t\t<p class='et_pb_gallery_caption'>\n\t\t\t\t\tOphtalmologie &#8211; Ulc\u00e8re\n\t\t\t\t\t<\/p><\/div><div class=\"et_pb_gallery_item et_pb_bg_layout_light\">\n\t\t\t<div class='et_pb_gallery_image landscape'>\n\t\t\t\t<a href=\"http:\/\/veterinaires.lu\/wp-content\/uploads\/2015\/03\/530_p10302031.jpg\" title=\"Cam\u00e9l\u00e9on\">\n\t\t\t\t<img decoding=\"async\" src=\"http:\/\/veterinaires.lu\/wp-content\/uploads\/2015\/03\/530_p10302031-400x284.jpg\" alt=\"Cam\u00e9l\u00e9on\" \/><span class=\"et_overlay\"><\/span>\n\t\t\t<\/a>\n\t\t\t<\/div>\n\t\t\t\t\t<h3 class='et_pb_gallery_title'>\n\t\t\t\t\tCam\u00e9l\u00e9on\n\t\t\t\t\t<\/h3>\n\t\t\t\t\t<p class='et_pb_gallery_caption'>\n\t\t\t\t\tOed\u00e8me des paupi\u00e8res\n\t\t\t\t\t<\/p><\/div><div class=\"et_pb_gallery_item et_pb_bg_layout_light\">\n\t\t\t<div class='et_pb_gallery_image landscape'>\n\t\t\t\t<a href=\"http:\/\/veterinaires.lu\/wp-content\/uploads\/2015\/03\/530_p1030463-tortue1.jpg\" title=\"Tortue\">\n\t\t\t\t<img decoding=\"async\" src=\"http:\/\/veterinaires.lu\/wp-content\/uploads\/2015\/03\/530_p1030463-tortue1.jpg\" alt=\"Tortue\" \/><span class=\"et_overlay\"><\/span>\n\t\t\t<\/a>\n\t\t\t<\/div>\n\t\t\t\t\t<h3 class='et_pb_gallery_title'>\n\t\t\t\t\tTortue\n\t\t\t\t\t<\/h3>\n\t\t\t\t\t<p class='et_pb_gallery_caption'>\n\t\t\t\t\tStomatite\n\t\t\t\t\t<\/p><\/div><div class=\"et_pb_gallery_item et_pb_bg_layout_light\">\n\t\t\t<div class='et_pb_gallery_image landscape'>\n\t\t\t\t<a href=\"http:\/\/veterinaires.lu\/wp-content\/uploads\/2015\/03\/530_puma-11.jpg\" title=\"Chat\">\n\t\t\t\t<img decoding=\"async\" src=\"http:\/\/veterinaires.lu\/wp-content\/uploads\/2015\/03\/530_puma-11-400x284.jpg\" alt=\"Chat\" \/><span class=\"et_overlay\"><\/span>\n\t\t\t<\/a>\n\t\t\t<\/div>\n\t\t\t\t\t<h3 class='et_pb_gallery_title'>\n\t\t\t\t\tChat\n\t\t\t\t\t<\/h3>\n\t\t\t\t\t<p class='et_pb_gallery_caption'>\n\t\t\t\t\tStomatologie\n\t\t\t\t\t<\/p><\/div><\/div><!-- .et_pb_gallery_items --><div class='et_pb_gallery_pagination'><\/div><\/div><!-- .et_pb_gallery -->\n\t\t<\/div> <!-- .et_pb_column -->\n\t\t<\/div> <!-- .et_pb_row -->\n\t\t\t\n\t\t<\/div> <!-- .et_pb_section --><\/p>\n","protected":false},"excerpt":{"rendered":"","protected":false},"author":2,"featured_media":0,"parent":81,"menu_order":5,"comment_status":"open","ping_status":"open","template":"","meta":{"footnotes":""},"class_list":["post-209","page","type-page","status-publish","hentry"],"jetpack_sharing_enabled":true,"jetpack_shortlink":"https:\/\/wp.me\/P6eAGo-3n","_links":{"self":[{"href":"http:\/\/veterinaires.lu\/index.php\/wp-json\/wp\/v2\/pages\/209","targetHints":{"allow":["GET"]}}],"collection":[{"href":"http:\/\/veterinaires.lu\/index.php\/wp-json\/wp\/v2\/pages"}],"about":[{"href":"http:\/\/veterinaires.lu\/index.php\/wp-json\/wp\/v2\/types\/page"}],"author":[{"embeddable":true,"href":"http:\/\/veterinaires.lu\/index.php\/wp-json\/wp\/v2\/users\/2"}],"replies":[{"embeddable":true,"href":"http:\/\/veterinaires.lu\/index.php\/wp-json\/wp\/v2\/comments?post=209"}],"version-history":[{"count":3,"href":"http:\/\/veterinaires.lu\/index.php\/wp-json\/wp\/v2\/pages\/209\/revisions"}],"predecessor-version":[{"id":769,"href":"http:\/\/veterinaires.lu\/index.php\/wp-json\/wp\/v2\/pages\/209\/revisions\/769"}],"up":[{"embeddable":true,"href":"http:\/\/veterinaires.lu\/index.php\/wp-json\/wp\/v2\/pages\/81"}],"wp:attachment":[{"href":"http:\/\/veterinaires.lu\/index.php\/wp-json\/wp\/v2\/media?parent=209"}],"curies":[{"name":"wp","href":"https:\/\/api.w.org\/{rel}","templated":true}]}}