{"id":207,"date":"2015-03-18T17:09:48","date_gmt":"2015-03-18T17:09:48","guid":{"rendered":"http:\/\/www.balbeur.website\/?page_id=207"},"modified":"2016-02-20T18:09:18","modified_gmt":"2016-02-20T17:09:18","slug":"service-paramedical","status":"publish","type":"page","link":"http:\/\/veterinaires.lu\/index.php\/nosservices\/service-paramedical\/","title":{"rendered":"Service Param\u00e9dical"},"content":{"rendered":"<p><div class=\"et_pb_section et_pb_fullwidth_section et_section_regular\" style='background-color:#ffffff;'>\n\t\t\t\n\t\t\t\n\t\t\t\t\n\t\t\t\t<div class=\"et_pb_slider\">\n\t\t\t<div class=\"et_pb_slides\">\n\t\t\t\t<div class=\"et_pb_slide et_pb_bg_layout_light et_pb_media_alignment_center\" style='background-color:#f7f7f7;background-image:url(http:\/\/veterinaires.lu\/wp-content\/uploads\/2015\/09\/cabinet_param1.jpg);'>\n\t\t\t\n\t\t\t<div class=\"et_pb_container clearfix\">\n\t\t\t\t\n\t\t\t\t<div class=\"et_pb_slide_description\">\n\t\t\t\t\t\n\t\t\t\t\t<div class=\"et_pb_slide_content\"><\/div>\n\t\t\t\t\t\n\t\t\t\t<\/div> <!-- .et_pb_slide_description -->\n\t\t\t<\/div> <!-- .et_pb_container -->\n\t\t\t\n\t\t<\/div> <!-- .et_pb_slide -->\n\t\t\n\t\t\t<\/div> <!-- .et_pb_slides -->\n\t\t<\/div> <!-- .et_pb_slider -->\n\t\t\n\t\t\t\n\t\t<\/div> <!-- .et_pb_section --><div class=\"et_pb_section et_section_regular\" style='background-color:#ffffff;'>\n\t\t\t\n\t\t\t\n\t\t\t\t\n\t\t\t\t<div class=\"et_pb_row\">\n\t\t\t<div class=\"et_pb_column et_pb_column_1_4\">\n\t\t\t<img decoding=\"async\" src=\"http:\/\/veterinaires.lu\/wp-content\/uploads\/2015\/09\/paramed.png\" alt=\"\" class=\"et-waypoint et_pb_image et_pb_animation_left\" \/>\n\t\t<\/div> <!-- .et_pb_column --><div class=\"et_pb_column et_pb_column_3_4\">\n\t\t\t<div class=\"et_pb_text et_pb_bg_layout_light et_pb_text_align_left\">\n\t\t\t\n<h1><span style=\"color: #336699;\">Services Param\u00e9dicaux<\/span><\/h1>\n<p>A l\u2019accueil, notre \u00e9quipe sera \u00e0 votre \u00e9coute pour le renouvellement des m\u00e9dicaments de votre animal sans attendre dans la salle d\u2019attente. Il nous faut votre dossier m\u00e9dical de suivi de votre animal, sauf si son dossier est d\u00e9j\u00e0 r\u00e9f\u00e9renc\u00e9 dans notre base de donn\u00e9es.<\/p>\n<p>De m\u00eame pour vos documents adiminitratifs, les infirmi\u00e8res dipl\u00f4m\u00e9es pourront vous renseigner au plus juste et avec pr\u00e9cisions, afin que votre demande soit prise en charge dans les d\u00e9lais les plus adapt\u00e9s.<\/p>\n<p>Pour les analyses d\u2019urine ou d\u00e9p\u00f4t de pr\u00e9l\u00e8vement, veuillez les rapporter dans les 2 h apr\u00e8s leur r\u00e9colte afin de rendre leur examen le plus pertinant possible.<\/p>\n\n\t\t<\/div> <!-- .et_pb_text -->\n\t\t<\/div> <!-- .et_pb_column -->\n\t\t<\/div> <!-- .et_pb_row -->\n\t\t\t\n\t\t<\/div> <!-- .et_pb_section --><\/p>\n","protected":false},"excerpt":{"rendered":"","protected":false},"author":2,"featured_media":0,"parent":81,"menu_order":4,"comment_status":"open","ping_status":"open","template":"","meta":{"footnotes":""},"class_list":["post-207","page","type-page","status-publish","hentry"],"jetpack_sharing_enabled":true,"jetpack_shortlink":"https:\/\/wp.me\/P6eAGo-3l","_links":{"self":[{"href":"http:\/\/veterinaires.lu\/index.php\/wp-json\/wp\/v2\/pages\/207","targetHints":{"allow":["GET"]}}],"collection":[{"href":"http:\/\/veterinaires.lu\/index.php\/wp-json\/wp\/v2\/pages"}],"about":[{"href":"http:\/\/veterinaires.lu\/index.php\/wp-json\/wp\/v2\/types\/page"}],"author":[{"embeddable":true,"href":"http:\/\/veterinaires.lu\/index.php\/wp-json\/wp\/v2\/users\/2"}],"replies":[{"embeddable":true,"href":"http:\/\/veterinaires.lu\/index.php\/wp-json\/wp\/v2\/comments?post=207"}],"version-history":[{"count":1,"href":"http:\/\/veterinaires.lu\/index.php\/wp-json\/wp\/v2\/pages\/207\/revisions"}],"predecessor-version":[{"id":580,"href":"http:\/\/veterinaires.lu\/index.php\/wp-json\/wp\/v2\/pages\/207\/revisions\/580"}],"up":[{"embeddable":true,"href":"http:\/\/veterinaires.lu\/index.php\/wp-json\/wp\/v2\/pages\/81"}],"wp:attachment":[{"href":"http:\/\/veterinaires.lu\/index.php\/wp-json\/wp\/v2\/media?parent=207"}],"curies":[{"name":"wp","href":"https:\/\/api.w.org\/{rel}","templated":true}]}}