{"id":205,"date":"2015-03-18T17:08:37","date_gmt":"2015-03-18T17:08:37","guid":{"rendered":"http:\/\/www.balbeur.website\/?page_id=205"},"modified":"2016-02-20T18:08:53","modified_gmt":"2016-02-20T17:08:53","slug":"service-osteopathie","status":"publish","type":"page","link":"http:\/\/veterinaires.lu\/index.php\/nosservices\/service-osteopathie\/","title":{"rendered":"Service Ost\u00e9opathie"},"content":{"rendered":"<p><div class=\"et_pb_section et_pb_fullwidth_section et_section_regular\" style='background-color:#ffffff;'>\n\t\t\t\n\t\t\t\n\t\t\t\t\n\t\t\t\t<div class=\"et_pb_slider\">\n\t\t\t<div class=\"et_pb_slides\">\n\t\t\t\t<div class=\"et_pb_slide et_pb_bg_layout_light et_pb_media_alignment_center\" style='background-color:#f7f7f7;background-image:url(http:\/\/veterinaires.lu\/wp-content\/uploads\/2015\/09\/cabinet_osteo1.jpg);'>\n\t\t\t\n\t\t\t<div class=\"et_pb_container clearfix\">\n\t\t\t\t\n\t\t\t\t<div class=\"et_pb_slide_description\">\n\t\t\t\t\t\n\t\t\t\t\t<div class=\"et_pb_slide_content\"><\/div>\n\t\t\t\t\t\n\t\t\t\t<\/div> <!-- .et_pb_slide_description -->\n\t\t\t<\/div> <!-- .et_pb_container -->\n\t\t\t\n\t\t<\/div> <!-- .et_pb_slide -->\n\t\t\n\t\t\t<\/div> <!-- .et_pb_slides -->\n\t\t<\/div> <!-- .et_pb_slider -->\n\t\t\n\t\t\t\n\t\t<\/div> <!-- .et_pb_section --><div class=\"et_pb_section et_section_regular\">\n\t\t\t\n\t\t\t\n\t\t\t\t\n\t\t\t\t<div class=\"et_pb_row\">\n\t\t\t<div class=\"et_pb_column et_pb_column_1_4\">\n\t\t\t<img decoding=\"async\" src=\"http:\/\/veterinaires.lu\/wp-content\/uploads\/2015\/09\/ostheo1.png\" alt=\"\" class=\"et-waypoint et_pb_image et_pb_animation_left\" \/>\n\t\t<\/div> <!-- .et_pb_column --><div class=\"et_pb_column et_pb_column_3_4\">\n\t\t\t<div class=\"et_pb_text et_pb_bg_layout_light et_pb_text_align_left\">\n\t\t\t\n<h1><span style=\"color: #336699;\">L&rsquo;ost\u00e9opathie animale, une m\u00e9decine douce<\/span><\/h1>\n<p>&nbsp;<\/p>\n<div class=\"page\" title=\"Page 1\">\n<div class=\"layoutArea\">\n<div class=\"column\">\n<p><strong>Qu\u2019est-ce que l\u2019ost\u00e9opathie v\u00e9t\u00e9rinaire ?<\/strong><\/p>\n<p>L\u2019ost\u00e9opathie v\u00e9t\u00e9rinaire est un art de soigner exclusivement manuel, compl\u00e9mentaire de la m\u00e9decine v\u00e9t\u00e9rinaire classique.<\/p>\n<p>Elle repose sur l\u2019anatomie et la physiologie et \u2018adresse \u00e0 l\u2019animal dans sa globalit\u00e9.<\/p>\n<p>L\u2019ost\u00e9opathie regroupe des techniques de manipulations manuelles visant \u00e0 d\u00e9terminer et \u00e0 traiter les restrictions de mobilit\u00e9 pouvant affecter l\u2019ensemble des structures composant le corps de votre animal.<\/p>\n<p>Sa pratique requiert des comp\u00e9tences de toucher, de justesse et de pr\u00e9cision.<\/p>\n<p>&nbsp;<\/p>\n<p><strong>A qui s\u2019adresse l\u2019ost\u00e9opathie v\u00e9t\u00e9rinaire ?<\/strong><\/p>\n<p>L\u2019ost\u00e9opathie s\u2019adresse \u00e0 tous les animaux, du nouveau-n\u00e9 \u00e0 l\u2019animal \u00e2g\u00e9.<\/p>\n<p>Elle s\u2019adapte en fonction de la taille de votre animal, de son \u00e2ge, de ses ant\u00e9c\u00e9dents m\u00e9dicaux et de son motif de consultation.<\/p>\n<p>&nbsp;<\/p>\n<p><strong>Indications principales de l\u2019ost\u00e9opathie v\u00e9t\u00e9rinaire ?<\/strong><\/p>\n<p>Toute g\u00e8ne ou inconfort que pr\u00e9sente votre animal peut n\u00e9cessiter une consultation d\u2019ost\u00e9opathie.<\/p>\n<p>Elle s\u2019int\u00e9resse en priorit\u00e9 au syst\u00e8me ost\u00e9o-articulaire (entorses, tendinites, lombalgie, dorsalgie, cervicalgie, torticolis, douleur articulaire, soulage l\u2019arthrose&#8230;.)<\/p>\n<p>Elle peut avoir des effets b\u00e9n\u00e9fiques sur le syst\u00e8me respiratoire (toux et bronchite chronique &#8230;&#8230;) le syst\u00e8me digestif (digestion difficile, coliques &#8230;..) le syst\u00e8me g\u00e9nitaux urinaire (cystite chronique, incontinence &#8230;..).<\/p>\n<p>L\u2019ost\u00e9opathie est aussi une m\u00e9decine pr\u00e9ventive permettant de pr\u00e9venir l\u2019apparition de certains sympt\u00f4mes.<\/p>\n<p>&nbsp;<\/p>\n<p><strong>Comment se d\u00e9roule une consultation ?<\/strong><\/p>\n<p>L\u2019objectif premier d\u2019une consultation d\u2019ost\u00e9opathie est de poser un diagnostic ost\u00e9opathique.<\/p>\n<p>Bas\u00e9 sur la palpation, l\u2019examen comporte des tests permettant d\u2019analyser la mobilit\u00e9 des diff\u00e9rents structures corporelles.<\/p>\n<p>La recherche de restriction de mobilit\u00e9 (perte de qualit\u00e9 de mouvement) permet de rep\u00e8rer les tensions responsables du trouble fonctionnel.<\/p>\n<\/div>\n<\/div>\n<\/div>\n<div class=\"page\" title=\"Page 2\">\n<div class=\"layoutArea\">\n<div class=\"column\">\n<p>Un protocole de traitement adapt\u00e9 \u00e0 chaque animal est mis en place par l\u2019emploi de techniques \u00e0 la fois douces, non traumatisantes et non douloureuses \u2018adressant aux structures ost\u00e9o-articulaires, visc\u00e9rales et cr\u00e2niennes.<\/p>\n<\/div>\n<\/div>\n<\/div>\n\n\t\t<\/div> <!-- .et_pb_text -->\n\t\t<\/div> <!-- .et_pb_column -->\n\t\t<\/div> <!-- .et_pb_row -->\n\t\t\t\n\t\t<\/div> <!-- .et_pb_section --><\/p>\n","protected":false},"excerpt":{"rendered":"","protected":false},"author":2,"featured_media":0,"parent":81,"menu_order":3,"comment_status":"open","ping_status":"open","template":"","meta":{"footnotes":""},"class_list":["post-205","page","type-page","status-publish","hentry"],"jetpack_sharing_enabled":true,"jetpack_shortlink":"https:\/\/wp.me\/P6eAGo-3j","_links":{"self":[{"href":"http:\/\/veterinaires.lu\/index.php\/wp-json\/wp\/v2\/pages\/205","targetHints":{"allow":["GET"]}}],"collection":[{"href":"http:\/\/veterinaires.lu\/index.php\/wp-json\/wp\/v2\/pages"}],"about":[{"href":"http:\/\/veterinaires.lu\/index.php\/wp-json\/wp\/v2\/types\/page"}],"author":[{"embeddable":true,"href":"http:\/\/veterinaires.lu\/index.php\/wp-json\/wp\/v2\/users\/2"}],"replies":[{"embeddable":true,"href":"http:\/\/veterinaires.lu\/index.php\/wp-json\/wp\/v2\/comments?post=205"}],"version-history":[{"count":1,"href":"http:\/\/veterinaires.lu\/index.php\/wp-json\/wp\/v2\/pages\/205\/revisions"}],"predecessor-version":[{"id":579,"href":"http:\/\/veterinaires.lu\/index.php\/wp-json\/wp\/v2\/pages\/205\/revisions\/579"}],"up":[{"embeddable":true,"href":"http:\/\/veterinaires.lu\/index.php\/wp-json\/wp\/v2\/pages\/81"}],"wp:attachment":[{"href":"http:\/\/veterinaires.lu\/index.php\/wp-json\/wp\/v2\/media?parent=205"}],"curies":[{"name":"wp","href":"https:\/\/api.w.org\/{rel}","templated":true}]}}