{"id":203,"date":"2015-03-18T17:07:43","date_gmt":"2015-03-18T17:07:43","guid":{"rendered":"http:\/\/www.balbeur.website\/?page_id=203"},"modified":"2016-02-20T18:10:24","modified_gmt":"2016-02-20T17:10:24","slug":"service-chirurgie","status":"publish","type":"page","link":"http:\/\/veterinaires.lu\/index.php\/nosservices\/service-chirurgie\/","title":{"rendered":"Service Chirurgie"},"content":{"rendered":"<p><div class=\"et_pb_section et_pb_fullwidth_section et_section_regular\" style='background-color:#ffffff;'>\n\t\t\t\n\t\t\t\n\t\t\t\t\n\t\t\t\t<div class=\"et_pb_slider\">\n\t\t\t<div class=\"et_pb_slides\">\n\t\t\t\t<div class=\"et_pb_slide et_pb_bg_layout_light et_pb_media_alignment_center\" style='background-color:#f7f7f7;background-image:url(http:\/\/veterinaires.lu\/wp-content\/uploads\/2015\/09\/cabinet_chirurgie1.jpg);'>\n\t\t\t\n\t\t\t<div class=\"et_pb_container clearfix\">\n\t\t\t\t\n\t\t\t\t<div class=\"et_pb_slide_description\">\n\t\t\t\t\t\n\t\t\t\t\t<div class=\"et_pb_slide_content\"><\/div>\n\t\t\t\t\t\n\t\t\t\t<\/div> <!-- .et_pb_slide_description -->\n\t\t\t<\/div> <!-- .et_pb_container -->\n\t\t\t\n\t\t<\/div> <!-- .et_pb_slide -->\n\t\t\n\t\t\t<\/div> <!-- .et_pb_slides -->\n\t\t<\/div> <!-- .et_pb_slider -->\n\t\t\n\t\t\t\n\t\t<\/div> <!-- .et_pb_section --><div class=\"et_pb_section et_section_regular\">\n\t\t\t\n\t\t\t\n\t\t\t\t\n\t\t\t\t<div class=\"et_pb_row\">\n\t\t\t<div class=\"et_pb_column et_pb_column_1_4\">\n\t\t\t<img decoding=\"async\" src=\"http:\/\/veterinaires.lu\/wp-content\/uploads\/2015\/09\/chirurgie1.png\" alt=\"\" class=\"et-waypoint et_pb_image et_pb_animation_left\" \/>\n\t\t<\/div> <!-- .et_pb_column --><div class=\"et_pb_column et_pb_column_3_4\">\n\t\t\t<div class=\"et_pb_text et_pb_bg_layout_light et_pb_text_align_left\">\n\t\t\t\n<h1><span style=\"color: #336699;\">Services Chirurgicaux<\/span><\/h1>\n<p><strong>Les interventions chirurgicales sont r\u00e9alis\u00e9es tous les jours, du Lundi au Vendredi.<\/strong>\u00a0$<\/p>\n<p>Le service des urgences peut \u00e0 tout moment d\u00e9clench\u00e9es une proc\u00e9dures d\u2019urgence.<\/p>\n<p>Le bloc op\u00e9ratoire est tenue en surpression selon les normes modernes d\u2019aseptie. Aucune personne \u00e9trang\u00e8re au service ne peut y acc\u00e9der. Les r\u00e8gles d\u2019hygi\u00e8ne sont strictes. Votre animal sera monitor\u00e9 tout le long de son intervention, ECG, Pression sanguine, rythme cardiaque, saturation en oxyg\u00e8ne, ventilation, capnographie. Son corps sera reli\u00e9 \u00e0 une machine afin de garantir sa bonne respiration et ventilation.<\/p>\n<p>L\u2019anesth\u00e9sie g\u00e9n\u00e9rale est en permance surveill\u00e9e par une infirmi\u00e8re v\u00e9t\u00e9rinaire.<\/p>\n<p>Les medecins v\u00e9t\u00e9rinaires se concentrent sur les techniques op\u00e9ratoires.<\/p>\n\n\t\t<\/div> <!-- .et_pb_text -->\n\t\t<\/div> <!-- .et_pb_column -->\n\t\t<\/div> <!-- .et_pb_row -->\n\t\t\t\n\t\t<\/div> <!-- .et_pb_section --><\/p>\n","protected":false},"excerpt":{"rendered":"","protected":false},"author":2,"featured_media":0,"parent":81,"menu_order":2,"comment_status":"open","ping_status":"open","template":"","meta":{"footnotes":""},"class_list":["post-203","page","type-page","status-publish","hentry"],"jetpack_sharing_enabled":true,"jetpack_shortlink":"https:\/\/wp.me\/P6eAGo-3h","_links":{"self":[{"href":"http:\/\/veterinaires.lu\/index.php\/wp-json\/wp\/v2\/pages\/203","targetHints":{"allow":["GET"]}}],"collection":[{"href":"http:\/\/veterinaires.lu\/index.php\/wp-json\/wp\/v2\/pages"}],"about":[{"href":"http:\/\/veterinaires.lu\/index.php\/wp-json\/wp\/v2\/types\/page"}],"author":[{"embeddable":true,"href":"http:\/\/veterinaires.lu\/index.php\/wp-json\/wp\/v2\/users\/2"}],"replies":[{"embeddable":true,"href":"http:\/\/veterinaires.lu\/index.php\/wp-json\/wp\/v2\/comments?post=203"}],"version-history":[{"count":1,"href":"http:\/\/veterinaires.lu\/index.php\/wp-json\/wp\/v2\/pages\/203\/revisions"}],"predecessor-version":[{"id":578,"href":"http:\/\/veterinaires.lu\/index.php\/wp-json\/wp\/v2\/pages\/203\/revisions\/578"}],"up":[{"embeddable":true,"href":"http:\/\/veterinaires.lu\/index.php\/wp-json\/wp\/v2\/pages\/81"}],"wp:attachment":[{"href":"http:\/\/veterinaires.lu\/index.php\/wp-json\/wp\/v2\/media?parent=203"}],"curies":[{"name":"wp","href":"https:\/\/api.w.org\/{rel}","templated":true}]}}