{"id":201,"date":"2015-03-18T17:06:43","date_gmt":"2015-03-18T17:06:43","guid":{"rendered":"http:\/\/www.balbeur.website\/?page_id=201"},"modified":"2016-02-20T18:08:24","modified_gmt":"2016-02-20T17:08:24","slug":"service-medical","status":"publish","type":"page","link":"http:\/\/veterinaires.lu\/index.php\/nosservices\/service-medical\/","title":{"rendered":"Service M\u00e9dical"},"content":{"rendered":"<p><div class=\"et_pb_section et_pb_fullwidth_section et_section_regular\" style='background-color:#ffffff;'>\n\t\t\t\n\t\t\t\n\t\t\t\t\n\t\t\t\t<div class=\"et_pb_slider\">\n\t\t\t<div class=\"et_pb_slides\">\n\t\t\t\t<div class=\"et_pb_slide et_pb_bg_layout_light et_pb_media_alignment_center\" style='background-color:#ffffff;background-image:url(http:\/\/veterinaires.lu\/wp-content\/uploads\/2015\/09\/cabinet_medical1.jpg);'>\n\t\t\t\n\t\t\t<div class=\"et_pb_container clearfix\">\n\t\t\t\t\n\t\t\t\t<div class=\"et_pb_slide_description\">\n\t\t\t\t\t\n\t\t\t\t\t<div class=\"et_pb_slide_content\"><\/div>\n\t\t\t\t\t\n\t\t\t\t<\/div> <!-- .et_pb_slide_description -->\n\t\t\t<\/div> <!-- .et_pb_container -->\n\t\t\t\n\t\t<\/div> <!-- .et_pb_slide -->\n\t\t\n\t\t\t<\/div> <!-- .et_pb_slides -->\n\t\t<\/div> <!-- .et_pb_slider -->\n\t\t\n\t\t\t\n\t\t<\/div> <!-- .et_pb_section --><div class=\"et_pb_section et_section_regular\" style='background-color:#ffffff;'>\n\t\t\t\n\t\t\t\n\t\t\t\t\n\t\t\t\t<div class=\"et_pb_row\">\n\t\t\t<div class=\"et_pb_column et_pb_column_1_4\">\n\t\t\t<img decoding=\"async\" src=\"http:\/\/veterinaires.lu\/wp-content\/uploads\/2015\/09\/medecide1.png\" alt=\"\" class=\"et-waypoint et_pb_image et_pb_animation_left\" \/>\n\t\t<\/div> <!-- .et_pb_column --><div class=\"et_pb_column et_pb_column_3_4\">\n\t\t\t<div class=\"et_pb_text et_pb_bg_layout_light et_pb_text_align_left\">\n\t\t\t\n<h1><span style=\"color: #336699;\">Services M\u00e9dicaux<\/span><\/h1>\n<p>Le Cabinet V\u00e9t\u00e9rinaire, ses docteurs et assistants vous prennent en main et vous assurent les services &amp; conseils m\u00e9dicaux suivants:<\/p>\n\n\t\t<\/div> <!-- .et_pb_text --><div class=\"et_pb_accordion\">\n\t\t\t<div class=\"et_pb_toggle et_pb_toggle_open\">\n\t\t\t<h5 class=\"et_pb_toggle_title\">Consultations<\/h5>\n\t\t\t<div class=\"et_pb_toggle_content clearfix\">\n\t\t\t\t\n<p>3 salles de consultation, dont une d\u00e9di\u00e9e \u00e0 l\u2019ophtalmologie<\/p>\n\n\t\t\t<\/div> <!-- .et_pb_toggle_content -->\n\t\t<\/div> <!-- .et_pb_toggle --><div class=\"et_pb_toggle et_pb_toggle_close\">\n\t\t\t<h5 class=\"et_pb_toggle_title\">Radiologie<\/h5>\n\t\t\t<div class=\"et_pb_toggle_content clearfix\">\n\t\t\t\t\n<p>Mat\u00e9riel num\u00e9rique derni\u00e8re g\u00e9n\u00e9ration, plaque phopsphore<\/p>\n\n\t\t\t<\/div> <!-- .et_pb_toggle_content -->\n\t\t<\/div> <!-- .et_pb_toggle --><div class=\"et_pb_toggle et_pb_toggle_close\">\n\t\t\t<h5 class=\"et_pb_toggle_title\">Echographie<\/h5>\n\t\t\t<div class=\"et_pb_toggle_content clearfix\">\n\t\t\t\t\n<p>Salle d\u2019examen sombre, avec tapis. Vous pouvez assister \u00e0 l\u2019examen de votre animal.<\/p>\n\n\t\t\t<\/div> <!-- .et_pb_toggle_content -->\n\t\t<\/div> <!-- .et_pb_toggle --><div class=\"et_pb_toggle et_pb_toggle_close\">\n\t\t\t<h5 class=\"et_pb_toggle_title\">Chimioth\u00e9rapie<\/h5>\n\t\t\t<div class=\"et_pb_toggle_content clearfix\">\n\t\t\t\t\n<p>Demande l\u2019hospitalisation de votre animal qui est confi\u00e9 \u00e0 notre \u00e9quipe m\u00e9dicale, pour la 1\/2 journ\u00e9e, pour la journ\u00e9e, pour plusieurs jours.<\/p>\n\n\t\t\t<\/div> <!-- .et_pb_toggle_content -->\n\t\t<\/div> <!-- .et_pb_toggle --><div class=\"et_pb_toggle et_pb_toggle_close\">\n\t\t\t<h5 class=\"et_pb_toggle_title\">Dermatologie<\/h5>\n\t\t\t<div class=\"et_pb_toggle_content clearfix\">\n\t\t\t\t\n<p>Nous travaillons en collaboration avec plusieurs laboratoires pour les examens compl\u00e9mentaires ( Anatomie pathologiste &#8211; biologiste &#8211; \u00e9pidemiologiste &#8211; bact\u00e9riologiste &#8211; parasitologiste)<\/p>\n\n\t\t\t<\/div> <!-- .et_pb_toggle_content -->\n\t\t<\/div> <!-- .et_pb_toggle --><div class=\"et_pb_toggle et_pb_toggle_close\">\n\t\t\t<h5 class=\"et_pb_toggle_title\">Allergologie<\/h5>\n\t\t\t<div class=\"et_pb_toggle_content clearfix\">\n\t\t\t\t\n<p>Nous r\u00e9alisons jusqu\u2019\u00e0 40 tests pour les allergies dermatologiques &#8211; respiratoires- digestives &#8211; et les allergies alimentaires par simple prise de sang.<\/p>\n\n\t\t\t<\/div> <!-- .et_pb_toggle_content -->\n\t\t<\/div> <!-- .et_pb_toggle --><div class=\"et_pb_toggle et_pb_toggle_close\">\n\t\t\t<h5 class=\"et_pb_toggle_title\">Hospitalisation<\/h5>\n\t\t\t<div class=\"et_pb_toggle_content clearfix\">\n\t\t\t\t\n<p>Nous pouvons accueillir 15 patients dans des conditions de totale hygi\u00e8ne et efficacit\u00e9, dans des locaux climatis\u00e9s, et une \u00e9quipe d\u2019infirmi\u00e8res et de m\u00e9decins v\u00e9t\u00e9rinaires dipl\u00f4m\u00e9s.<\/p>\n\n\t\t\t<\/div> <!-- .et_pb_toggle_content -->\n\t\t<\/div> <!-- .et_pb_toggle --><div class=\"et_pb_toggle et_pb_toggle_close\">\n\t\t\t<h5 class=\"et_pb_toggle_title\">Nutrition<\/h5>\n\t\t\t<div class=\"et_pb_toggle_content clearfix\">\n\t\t\t\t\n<p>Nous vous conseillons le meilleur r\u00e9gime nutritionnel en fonction des cas de diab\u00e8te, cancer, ob\u00e9sit\u00e9, r\u00e9gime, &#8230;<\/p>\n\n\t\t\t<\/div> <!-- .et_pb_toggle_content -->\n\t\t<\/div> <!-- .et_pb_toggle -->\n\t\t<\/div> <!-- .et_pb_accordion -->\n\t\t<\/div> <!-- .et_pb_column -->\n\t\t<\/div> <!-- .et_pb_row -->\n\t\t\t\n\t\t<\/div> <!-- .et_pb_section --><\/p>\n","protected":false},"excerpt":{"rendered":"","protected":false},"author":2,"featured_media":0,"parent":81,"menu_order":1,"comment_status":"open","ping_status":"open","template":"","meta":{"jetpack_post_was_ever_published":false,"footnotes":""},"class_list":["post-201","page","type-page","status-publish","hentry"],"jetpack_sharing_enabled":true,"jetpack_shortlink":"https:\/\/wp.me\/P6eAGo-3f","_links":{"self":[{"href":"http:\/\/veterinaires.lu\/index.php\/wp-json\/wp\/v2\/pages\/201","targetHints":{"allow":["GET"]}}],"collection":[{"href":"http:\/\/veterinaires.lu\/index.php\/wp-json\/wp\/v2\/pages"}],"about":[{"href":"http:\/\/veterinaires.lu\/index.php\/wp-json\/wp\/v2\/types\/page"}],"author":[{"embeddable":true,"href":"http:\/\/veterinaires.lu\/index.php\/wp-json\/wp\/v2\/users\/2"}],"replies":[{"embeddable":true,"href":"http:\/\/veterinaires.lu\/index.php\/wp-json\/wp\/v2\/comments?post=201"}],"version-history":[{"count":2,"href":"http:\/\/veterinaires.lu\/index.php\/wp-json\/wp\/v2\/pages\/201\/revisions"}],"predecessor-version":[{"id":666,"href":"http:\/\/veterinaires.lu\/index.php\/wp-json\/wp\/v2\/pages\/201\/revisions\/666"}],"up":[{"embeddable":true,"href":"http:\/\/veterinaires.lu\/index.php\/wp-json\/wp\/v2\/pages\/81"}],"wp:attachment":[{"href":"http:\/\/veterinaires.lu\/index.php\/wp-json\/wp\/v2\/media?parent=201"}],"curies":[{"name":"wp","href":"https:\/\/api.w.org\/{rel}","templated":true}]}}