{"id":139,"date":"2015-03-16T17:12:36","date_gmt":"2015-03-16T17:12:36","guid":{"rendered":"http:\/\/www.balbeur.website\/?page_id=139"},"modified":"2023-02-11T12:45:50","modified_gmt":"2023-02-11T11:45:50","slug":"contact","status":"publish","type":"page","link":"http:\/\/veterinaires.lu\/index.php\/contact\/","title":{"rendered":"Contact"},"content":{"rendered":"<p><div class=\"et_pb_section et_pb_fullwidth_section et_section_regular\" style='background-color:#ffffff;'>\n\t\t\t\n\t\t\t\n\t\t\t\t\n\t\t\t\t<div class=\"et_pb_slider\">\n\t\t\t<div class=\"et_pb_slides\">\n\t\t\t\t<div class=\"et_pb_slide et_pb_bg_layout_light et_pb_media_alignment_center\" style='background-color:#ffffff;background-image:url(http:\/\/veterinaires.lu\/wp-content\/uploads\/2015\/03\/contact31.jpg);'>\n\t\t\t\n\t\t\t<div class=\"et_pb_container clearfix\">\n\t\t\t\t\n\t\t\t\t<div class=\"et_pb_slide_description\">\n\t\t\t\t\t\n\t\t\t\t\t<div class=\"et_pb_slide_content\"><\/div>\n\t\t\t\t\t\n\t\t\t\t<\/div> <!-- .et_pb_slide_description -->\n\t\t\t<\/div> <!-- .et_pb_container -->\n\t\t\t\n\t\t<\/div> <!-- .et_pb_slide -->\n\t\t\n\t\t\t<\/div> <!-- .et_pb_slides -->\n\t\t<\/div> <!-- .et_pb_slider -->\n\t\t\n\t\t\t\n\t\t<\/div> <!-- .et_pb_section --><div class=\"et_pb_section et_section_regular\" style='background-color:#ffffff;'>\n\t\t\t\n\t\t\t\n\t\t\t\t\n\t\t\t\t<div class=\"et_pb_row\">\n\t\t\t<div class=\"et_pb_column et_pb_column_1_3\">\n\t\t\t<img decoding=\"async\" src=\"http:\/\/veterinaires.lu\/wp-content\/uploads\/2015\/03\/logo-2017_vec_whitebackground-e1485766430563.png\" alt=\"\" class=\"et-waypoint et_pb_image et_pb_animation_left\" \/>\n\t\t<\/div> <!-- .et_pb_column --><div class=\"et_pb_column et_pb_column_1_3\">\n\t\t\t<div class=\"et_pb_text et_pb_bg_layout_light et_pb_text_align_left\">\n\t\t\t\n<h1><span style=\"color: #336699;\">Notre adresse:<\/span><\/h1>\n<p>Route de Longwy, 241<br \/>\nL-1941 Luxembourg-Merl<br \/>\nLuxembourg<\/p>\n<p>Tel. +352.44.92.99<br \/>\nEmail. <a href=\"mailto:info@veterinaires.lu\">info@veterinaires.lu<\/a><\/p>\n<p><strong>Des parkings priv\u00e9s sont \u00e0 votre disposition sur le flanc du Cabinet.<\/strong><\/p>\n<p><strong>Acc\u00e8s facile en bus:\u00a0<\/strong>via le bus n\u00b05 et n\u00b06\u00a0&#8211;\u00a0arr\u00eat \u00ab\u00a0Orval\u00a0\u00bb \u00e0 130\u00a0m du cabinet.<\/p>\n\n\t\t<\/div> <!-- .et_pb_text -->\n\t\t<\/div> <!-- .et_pb_column --><div class=\"et_pb_column et_pb_column_1_3\">\n\t\t\t<div class=\"et_pb_text et_pb_bg_layout_light et_pb_text_align_left\">\n\t\t\t\n\t\t<\/div> <!-- .et_pb_text -->\n\t\t<\/div> <!-- .et_pb_column -->\n\t\t<\/div> <!-- .et_pb_row --><div class=\"et_pb_row\">\n\t\t\t<div class=\"et_pb_column et_pb_column_4_4\">\n\t\t\t<div class=\"et_pb_map_container\">\n\t\t\t<div class=\"et_pb_map\" data-center-lat=\"49.605382000000056\" data-center-lng=\"6.09772780000003\" data-zoom=\"15\" data-mouse-wheel=\"on\"><\/div>\n\t\t\t<div class=\"et_pb_map_pin\" data-lat=\"49.60558015453007\" data-lng=\"6.1003295427444755\" data-title=\"Cabinet V\u00e9t\u00e9rinaire du C\u00e8dre\">\n\t\t\t\n\t\t<\/div>\n\t\t<\/div>\n\t\t<\/div> <!-- .et_pb_column -->\n\t\t<\/div> <!-- .et_pb_row -->\n\t\t\t\n\t\t<\/div> <!-- .et_pb_section --><\/p>\n","protected":false},"excerpt":{"rendered":"","protected":false},"author":2,"featured_media":0,"parent":0,"menu_order":5,"comment_status":"open","ping_status":"open","template":"","meta":{"footnotes":""},"class_list":["post-139","page","type-page","status-publish","hentry"],"jetpack_sharing_enabled":true,"jetpack_shortlink":"https:\/\/wp.me\/P6eAGo-2f","_links":{"self":[{"href":"http:\/\/veterinaires.lu\/index.php\/wp-json\/wp\/v2\/pages\/139","targetHints":{"allow":["GET"]}}],"collection":[{"href":"http:\/\/veterinaires.lu\/index.php\/wp-json\/wp\/v2\/pages"}],"about":[{"href":"http:\/\/veterinaires.lu\/index.php\/wp-json\/wp\/v2\/types\/page"}],"author":[{"embeddable":true,"href":"http:\/\/veterinaires.lu\/index.php\/wp-json\/wp\/v2\/users\/2"}],"replies":[{"embeddable":true,"href":"http:\/\/veterinaires.lu\/index.php\/wp-json\/wp\/v2\/comments?post=139"}],"version-history":[{"count":6,"href":"http:\/\/veterinaires.lu\/index.php\/wp-json\/wp\/v2\/pages\/139\/revisions"}],"predecessor-version":[{"id":2728,"href":"http:\/\/veterinaires.lu\/index.php\/wp-json\/wp\/v2\/pages\/139\/revisions\/2728"}],"wp:attachment":[{"href":"http:\/\/veterinaires.lu\/index.php\/wp-json\/wp\/v2\/media?parent=139"}],"curies":[{"name":"wp","href":"https:\/\/api.w.org\/{rel}","templated":true}]}}